{"id":50,"date":"2026-02-26T12:39:36","date_gmt":"2026-02-26T11:39:36","guid":{"rendered":"https:\/\/linia.tmsports.pl\/?page_id=50"},"modified":"2026-02-26T12:39:36","modified_gmt":"2026-02-26T11:39:36","slug":"roster","status":"publish","type":"page","link":"https:\/\/linia.tmsports.pl\/?page_id=50","title":{"rendered":"Roster"},"content":{"rendered":"<p>To jest przyk\u0142ad Lista zawodnik\u00f3w. Jako nowy u\u017cytkownik SportsPress, powiniene\u015b uda\u0107 si\u0119 do Twojego kokpitu by usun\u0105\u0107 to Lista zawodnik\u00f3w i utworzy\u0107 nowy Listy zawodnik\u00f3w. Baw si\u0119 dobrze !<div class=\"sportspress\">\n\t\t<div id='sp-player-gallery-33' class='gallery galleryid-33 gallery-columns-3 gallery-size-sportspress-crop-medium'>\t<\/div>\n<\/div><\/p>\n","protected":false},"excerpt":{"rendered":"<p>To jest przyk\u0142ad Lista zawodnik\u00f3w. Jako nowy u\u017cytkownik SportsPress, powiniene\u015b uda\u0107 si\u0119 do Twojego kokpitu by usun\u0105\u0107 to Lista zawodnik\u00f3w i utworzy\u0107 nowy Listy zawodnik\u00f3w. Baw si\u0119 dobrze !<\/p>\n","protected":false},"author":1,"featured_media":0,"parent":0,"menu_order":0,"comment_status":"closed","ping_status":"closed","template":"","meta":{"footnotes":""},"class_list":["post-50","page","type-page","status-publish","hentry"],"_links":{"self":[{"href":"https:\/\/linia.tmsports.pl\/index.php?rest_route=\/wp\/v2\/pages\/50","targetHints":{"allow":["GET"]}}],"collection":[{"href":"https:\/\/linia.tmsports.pl\/index.php?rest_route=\/wp\/v2\/pages"}],"about":[{"href":"https:\/\/linia.tmsports.pl\/index.php?rest_route=\/wp\/v2\/types\/page"}],"author":[{"embeddable":true,"href":"https:\/\/linia.tmsports.pl\/index.php?rest_route=\/wp\/v2\/users\/1"}],"replies":[{"embeddable":true,"href":"https:\/\/linia.tmsports.pl\/index.php?rest_route=%2Fwp%2Fv2%2Fcomments&post=50"}],"version-history":[{"count":1,"href":"https:\/\/linia.tmsports.pl\/index.php?rest_route=\/wp\/v2\/pages\/50\/revisions"}],"predecessor-version":[{"id":56,"href":"https:\/\/linia.tmsports.pl\/index.php?rest_route=\/wp\/v2\/pages\/50\/revisions\/56"}],"wp:attachment":[{"href":"https:\/\/linia.tmsports.pl\/index.php?rest_route=%2Fwp%2Fv2%2Fmedia&parent=50"}],"curies":[{"name":"wp","href":"https:\/\/api.w.org\/{rel}","templated":true}]}}