{"id":49,"date":"2026-02-26T12:39:36","date_gmt":"2026-02-26T11:39:36","guid":{"rendered":"https:\/\/linia.tmsports.pl\/?page_id=49"},"modified":"2026-02-26T12:39:36","modified_gmt":"2026-02-26T11:39:36","slug":"league-table","status":"publish","type":"page","link":"https:\/\/linia.tmsports.pl\/?page_id=49","title":{"rendered":"League Table"},"content":{"rendered":"<p>To jest przyk\u0142ad Tabela ligowa. Jako nowy u\u017cytkownik SportsPress, powiniene\u015b uda\u0107 si\u0119 do Twojego kokpitu by usun\u0105\u0107 to Tabela ligowa i utworzy\u0107 nowy Tabele ligowe. Baw si\u0119 dobrze !<div class=\"sportspress\"><div class=\"sp-template sp-template-league-table\">\n\t<h4 class=\"sp-table-caption\">Tabela ligowa<\/h4><div class=\"sp-table-wrapper\"><table class=\"sp-league-table sp-league-table-32 sp-data-table sp-sortable-table sp-scrollable-table sp-paginated-table\" data-sp-rows=\"10\"><thead><tr><th class=\"data-rank\">Pos<\/th><th class=\"data-name\">Club<\/th><\/tr><\/thead><tbody><tr class=\"odd sp-row-no-0\"><td class=\"data-rank\" data-label=\"Pos\">1<\/td><td class=\"data-name\" data-label=\"Club\">Linia<\/td><\/tr><\/tbody><\/table><\/div><\/div>\n<\/div><\/p>\n","protected":false},"excerpt":{"rendered":"<p>To jest przyk\u0142ad Tabela ligowa. Jako nowy u\u017cytkownik SportsPress, powiniene\u015b uda\u0107 si\u0119 do Twojego kokpitu by usun\u0105\u0107 to Tabela ligowa i utworzy\u0107 nowy Tabele ligowe. Baw si\u0119 dobrze !<\/p>\n","protected":false},"author":1,"featured_media":0,"parent":0,"menu_order":0,"comment_status":"closed","ping_status":"closed","template":"","meta":{"footnotes":""},"class_list":["post-49","page","type-page","status-publish","hentry"],"_links":{"self":[{"href":"https:\/\/linia.tmsports.pl\/index.php?rest_route=\/wp\/v2\/pages\/49","targetHints":{"allow":["GET"]}}],"collection":[{"href":"https:\/\/linia.tmsports.pl\/index.php?rest_route=\/wp\/v2\/pages"}],"about":[{"href":"https:\/\/linia.tmsports.pl\/index.php?rest_route=\/wp\/v2\/types\/page"}],"author":[{"embeddable":true,"href":"https:\/\/linia.tmsports.pl\/index.php?rest_route=\/wp\/v2\/users\/1"}],"replies":[{"embeddable":true,"href":"https:\/\/linia.tmsports.pl\/index.php?rest_route=%2Fwp%2Fv2%2Fcomments&post=49"}],"version-history":[{"count":1,"href":"https:\/\/linia.tmsports.pl\/index.php?rest_route=\/wp\/v2\/pages\/49\/revisions"}],"predecessor-version":[{"id":55,"href":"https:\/\/linia.tmsports.pl\/index.php?rest_route=\/wp\/v2\/pages\/49\/revisions\/55"}],"wp:attachment":[{"href":"https:\/\/linia.tmsports.pl\/index.php?rest_route=%2Fwp%2Fv2%2Fmedia&parent=49"}],"curies":[{"name":"wp","href":"https:\/\/api.w.org\/{rel}","templated":true}]}}